{"id":10638,"date":"2026-04-01T20:57:44","date_gmt":"2026-04-01T19:57:44","guid":{"rendered":"https:\/\/www.cassoviatrailrunners.sk\/?page_id=10638"},"modified":"2026-04-13T12:09:29","modified_gmt":"2026-04-13T11:09:29","slug":"poke-podmienky-ucasti","status":"publish","type":"page","link":"https:\/\/www.cassoviatrailrunners.sk\/en\/poke-podmienky-ucasti\/","title":{"rendered":"POKE &#8211; Podmienky \u00fa\u010dasti"},"content":{"rendered":"<p>1.) Podujatia POKE sa m\u00f4\u017ee z\u00fa\u010dastni\u0165 iba osoba s minim\u00e1lnym vekom 18 rokov (t.j. osoba, ktor\u00e1 najnesk\u00f4r de\u0148 pred \u0161tartom dov\u0155\u0161ila vek 18 rokov).<\/p>\n\n\n\n<ol class=\"wp-block-list\">\n<li><\/li>\n<\/ol>\n\n\n\n<p>2.) Podujatia POKE sa m\u00f4\u017ee z\u00fa\u010dastni\u0165 iba osoba predom prihl\u00e1sen\u00e1 prostredn\u00edctvom prihlasovacieho formul\u00e1ra, ktor\u00e1 uhradila \u00fa\u010dastn\u00edcky pr\u00edspevok na z\u00e1klade pokynov od organiz\u00e1tora podujatia doru\u010den\u00fdch do kontaktnej mailovej schr\u00e1nky (e-mail uveden\u00fd v prihlasovacom formul\u00e1ri) a bola zaraden\u00e1 do zoznamu registrovan\u00fdch \u00fa\u010dastn\u00edkov s dokon\u010denou registr\u00e1ciou. Registr\u00e1cia priamo na mieste prezent\u00e1cie \/ \u0161tartu podujatia nie je mo\u017en\u00e1.<\/p>\n\n\n\n<ol start=\"2\" class=\"wp-block-list\">\n<li><\/li>\n<\/ol>\n\n\n\n<p>Online prihlasovanie bude ukon\u010den\u00e9 24.05.2026 o&nbsp;23:59. Prihl\u00e1sen\u00fdm sa \u00fa\u010dastn\u00edk st\u00e1va a\u017e po uhraden\u00ed \u0161tartovn\u00e9ho. Hne\u010f po uhraden\u00ed \u0161tartovn\u00e9ho sa Va\u0161e meno zobraz\u00ed v zozname prihl\u00e1sen\u00fdch a pr\u00edde V\u00e1m email s potvrden\u00edm. Pri vyp\u013a\u0148an\u00ed prihl\u00e1\u0161ky pros\u00edm pou\u017e\u00edvajte diakritiku.<\/p>\n\n\n\n<p>Prihlasovanie \u0161tafety:<br>\u0160tafety prihlasuje kapit\u00e1n \u0161tafety cez jednu prihl\u00e1\u0161ku. Postupne vypln\u00ed v\u0161etk\u00fdch \u010dlenov \u0161tafety a&nbsp;ozna\u010d\u00ed potrebn\u00e9 s\u00fahlasy.<\/p>\n\n\n\n<p>Odpor\u00fa\u010dame v\u00e1m, vytvori\u0165 si na str\u00e1nke prihlasovania <a href=\"https:\/\/www.vysledkovyservis.sk\" data-type=\"link\" data-id=\"https:\/\/www.vysledkovyservis.sk\">www.vysledkovyservis.sk<\/a> \u00fa\u010det. To v\u00e1m umo\u017en\u00ed robi\u0165 ak\u00e9ko\u013evek zmeny vo va\u0161ej prihl\u00e1\u0161ke zadarmo.<br>V\u00a0pr\u00edpade potreby, kontaktujte oh\u013eadne online prihlasovania VysledkovyServis.sk na adrese: <a href=\"mailto:prihlaska@vysledkovyservis.sk\">prihlaska@vysledkovyservis.sk<br><\/a><br>\u200b3.) Poplatok za \u0161tart jedn\u00e9ho \u00fa\u010dastn\u00edka je 35 EUR. <\/p>\n\n\n\n<p>Za \u0161tafety s\u00fa poplatky n\u00e1sledovn\u00e9:<\/p>\n\n\n\n<p>2-\u010dlenn\u00e1 \u0161tafeta 70\u20ac<\/p>\n\n\n\n<p>3-\u010dlenn\u00e1 \u0161tafeta 105\u20ac<\/p>\n\n\n\n<p>4-\u010dlenn\u00e1 \u0161tafeta 140\u20ac<\/p>\n\n\n\n<p>4.) \u00dahrada \u0161tartovn\u00e9ho. \u0160tartovn\u00e9 m\u00f4\u017eete uhradi\u0165 dvomi sp\u00f4sobmi &#8211; kartou, alebo prevodom. Oba v\u00e1m bud\u00fa pon\u00faknut\u00e9 pri vyp\u013a\u0148an\u00ed online prihl\u00e1\u0161ky. Ak&nbsp;vyu\u017eijete platbu kartou, Va\u0161e meno sa objav\u00ed v zozname prihl\u00e1sen\u00fdch okam\u017eite. Ak vyu\u017eijete mo\u017enos\u0165 platby prevodom, pr\u00edde V\u00e1m email s in\u0161trukciami k&nbsp;platbe platobn\u00fdm QR k\u00f3dom, alebo klasick\u00fdm bankov\u00fdm prevodom. \u010casov\u00fd limit na uhradenie \u0161tartovn\u00e9ho prevodom je 5 kalend\u00e1rnych dn\u00ed od obdr\u017eania emailu s&nbsp;platobn\u00fdmi in\u0161trukciami. Ak email nen\u00e1jdete, skontrolujte prie\u010dinok SPAM\/REKLAMA. Va\u0161e meno sa zobraz\u00ed v&nbsp;zozname prihl\u00e1sen\u00fdch po prip\u00edsan\u00ed platby na \u00fa\u010det.&nbsp;<\/p>\n\n\n\n<p>\u00dahrada \u0161tartovn\u00e9ho \u0161tafety: \u0160tartovn\u00e9 za \u0161tafetu uhr\u00e1dza kapit\u00e1n \u0161tafety spolu za cel\u00fa \u0161tafetu. Platia rovnak\u00e9 podmienky ako pri prihlasovan\u00ed jednotlivcov.<\/p>\n\n\n\n<p>5.) Presun \u0161tartovn\u00e9ho na in\u00fa osobu a&nbsp;zmeny v prihl\u00e1\u0161ke: Zaplaten\u00e9 \u0161tartovn\u00e9 sa nevracia.<br>Pokia\u013e si vytvor\u00edte na str\u00e1nke vysledkovyservis.sk \u00fa\u010det, m\u00f4\u017eete svoje \u0161tartovn\u00e9 na presun\u00fa\u0165 na in\u00fa osobu, alebo robi\u0165 \u010fal\u0161ie zmeny vo svojej prihl\u00e1\u0161ke zadarmo. (Plat\u00ed pre podujatia na ktor\u00e9 ste sa prihl\u00e1sili po vytvoren\u00ed svojho \u00fa\u010dtu a s pou\u017eit\u00edm svojho \u00fa\u010dtu)<br>Pokia\u013e si \u00fa\u010det vytv\u00e1ra\u0165 nechcete, \u0161tartovn\u00e9 \u010d\u00edslo je mo\u017en\u00e9 presun\u00fa\u0165 na in\u00fa osobu za manipula\u010dn\u00fd poplatok 5\u20ac. V pr\u00edpade, ak chcete prep\u00edsa\u0165 va\u0161e \u0161tartov\u00e9 \u010d\u00edslo na in\u00e9ho \u00fa\u010dastn\u00edka, m\u00f4\u017eete tak urobi\u0165 na str\u00e1nke vysledkovyservis.sk. V&nbsp;hlavnom menu vyberte polo\u017eku <a href=\"https:\/\/www.vysledkovyservis.sk\/zmena-prihlasky\">\u201eZmena prihl\u00e1\u0161ky\u201c<\/a> a&nbsp;uve\u010fte v\u0161etky \u00fadaje o novom \u00fa\u010dastn\u00edkovi. Zmenu v\u0161ak mus\u00ed urobi\u0165 osoba, ktor\u00e1 bola p\u00f4vodne prihl\u00e1sen\u00e1. \u0160tartov\u00fd bal\u00edk u\u017e preber\u00e1 nov\u00fd \u00fa\u010dastn\u00edk. Po prevzat\u00ed \u0161tartov\u00e9ho bal\u00edka u\u017e nie je presun \u0161tartovn\u00e9ho \u010d\u00edsla mo\u017en\u00fd.<\/p>\n\n\n\n<p>Zmeny v&nbsp;prihl\u00e1\u0161ke \u0161tafety:<br>Zmeny v&nbsp;prihl\u00e1\u0161ke \u0161tafety vie vykona\u0165 iba ten, kto prihl\u00e1\u0161ku vytvoril, \u010di\u017ee kapit\u00e1n \u0161tafety.<\/p>\n\n\n\n<p>6.) Organiz\u00e1tori podujatia POKE si vyhradzuj\u00fa pr\u00e1vo neakceptovania (zamietnutia) registr\u00e1cie.<br>\u200b<br>7.) \u00da\u010das\u0165 na podujat\u00ed POKE je dobrovo\u013en\u00e1 a na vlastn\u00e9 nebezpe\u010denstvo. Organiz\u00e1tori nezodpovedaj\u00fa za \u0161kody \u00fa\u010dastn\u00edkom vzniknut\u00e9 ani nimi sp\u00f4soben\u00e9.<br>\u200b<br>8.) Organiz\u00e1tori podujatia POKE v\u0161etk\u00fdm \u00fa\u010dastn\u00edkom podujatia odpor\u00fa\u010daj\u00fa uzavrie\u0165 vhodn\u00fd druh poistenia na \u010das konania podujatia POKE.<br>\u200b<br>9.) Organiz\u00e1tori podujatia POKE v\u0161etk\u00fdm \u00fa\u010dastn\u00edkom podujatia d\u00f4razne odpor\u00fa\u010daj\u00fa absolvova\u0165 pred podujat\u00edm POKE individu\u00e1lnu lek\u00e1rsku prehliadku.<\/p>\n\n\n\n<p>10.) Celkov\u00fd limit po\u010dtu \u00fa\u010dastn\u00edkov pre podujatie POKE 2026 je 300.&nbsp; (Limity sa po\u010d\u00edtaj\u00fa na \u013eud\u00ed&nbsp; Pr\u00edklad: 3-\u010dlenn\u00e1 \u0161tafeta sa rovn\u00e1 3)&nbsp;<\/p>\n\n\n\n<p>11.) Pred \u0161tartom v&nbsp;Pre\u0161ove je ka\u017ed\u00fd \u00fa\u010dastn\u00edk povinn\u00fd prejs\u0165 prezent\u00e1ciou (bu\u010f v piatok&nbsp; alebo v sobotu r\u00e1no) na stanovenom mieste, kde obdr\u017e\u00ed&nbsp; in\u0161trukcie.<\/p>\n\n\n\n<p><strong>Mandatory equipment<\/strong><\/p>\n\n\n\n<p>12.) Ka\u017ed\u00fd \u00fa\u010dastn\u00edk podujatia POKE mus\u00ed ma\u0165 so sebou v\u0161etky polo\u017eky povinnej v\u00fdbavy po\u010das trvania podujatia (t.j. od \u0161tartu a\u017e do ukon\u010denia \u00fa\u010dasti v cieli alebo na inom mieste na trase podujatia). V pr\u00edpade zistenia ch\u00fdbaj\u00faceho povinnej v\u00fdbavy nebude \u00fa\u010dastn\u00edkovi povolen\u00fd \u0161tart. V pr\u00edpade zistenia ch\u00fdbaj\u00facich polo\u017eiek povinnej v\u00fdbavy na trase (pozri bod 2. pre zoznam t\u00fdchto polo\u017eiek) bude \u00fa\u010dastn\u00edk diskvalifikovan\u00fd.<\/p>\n\n\n\n<p>13.) S\u00fa\u010das\u0165ou povinnej v\u00fdbavy je:<\/p>\n\n\n\n<ul class=\"wp-block-list\">\n<li>charged and switched on mobile phone with the SIM card whose phone number was given in the registration form<\/li>\n\n\n\n<li>f\u013ea\u0161e resp. vodn\u00fd vak s obsahom minim\u00e1lne 0,5l (\u0161tafety) 1 L (s\u00f3lo be\u017eci)<\/li>\n\n\n\n<li>own cup or bottle with a wide mouth (bidon) with a volume of at least 1.5 dl (bottles with a narrow mouth or lid are not accepted)<\/li>\n\n\n\n<li>ID card<\/li>\n\n\n\n<li>\u0161tartovn\u00e9 \u010d\u00edslo umiestnen\u00e9 vidite\u013ene na prednej \u010dasti tela po\u010das cel\u00e9ho trvania pretekov (\u0161tartovn\u00e9 \u010d\u00edsla poskytne organiz\u00e1tor podujatia POKE po\u010das prezent\u00e1cie \u00fa\u010dastn\u00edkov)<\/li>\n\n\n\n<li>GPS tracker (poskytne organiz\u00e1tor podujatia POKE po\u010das prezent\u00e1cie \u00fa\u010dastn\u00edkov)<\/li>\n<\/ul>\n\n\n\n<p>14.) Kontrola povinnej v\u00fdbavy m\u00f4\u017ee by\u0165 vykonan\u00e1 pred \u0161tartom aj po\u010das podujatia na ktoromko\u013evek mieste trasy organiz\u00e1torom alebo n\u00edm poveren\u00fdm dobrovo\u013en\u00edkom.<\/p>\n\n\n\n<p><strong>The course of the event<\/strong><\/p>\n\n\n\n<p>15.) Prezent\u00e1cia \u00fa\u010dastn\u00edkov sa kon\u00e1 piatok 29. m\u00e1ja 2026 v&nbsp;\u010dase od 16:00 \u2013 19:00 a&nbsp;v&nbsp;sobotu 30. m\u00e1ja 2026 v \u010dase od 07.00 do 8:30 hod (po \u010dase 08.30 u\u017e prezent\u00e1cia nebude mo\u017en\u00e1).<\/p>\n\n\n\n<p>16.) \u0160tart POKE je spolo\u010dn\u00fd, pokia\u013e organiz\u00e1tor nerozhodne inak z&nbsp;parkoviska pod Kalv\u00e1riou v Pre\u0161ove 30.5.2026 o&nbsp;9:00<\/p>\n\n\n\n<p>17.) \u010casov\u00fd limit pre dokon\u010denie trasy (pr\u00edchod do cie\u013ea v&nbsp;Ko\u0161iciach je 7 hod\u00edn od \u0161tartu, t.j. do 30. m\u00e1ja 2026 do 16.00 hod.&nbsp;<\/p>\n\n\n\n<p>18.) Trasa POKE&nbsp; je presne vymedzen\u00e1, \u00fa\u010dastn\u00edk podujatia je povinn\u00fd t\u00fato trasu dodr\u017eiava\u0165.<\/p>\n\n\n\n<p>19.) Nosenie v\u00fdstroja be\u017eca inou osobou je striktne zak\u00e1zan\u00e9.<\/p>\n\n\n\n<p>20.) Osobn\u00e1 pomoc (asistencia) \u00fa\u010dastn\u00edkovi (napr. zo strany rodinn\u00fdch pr\u00edslu\u0161n\u00edkov, priate\u013eov\u2026) je tolerovan\u00e1 iba na obsaden\u00fdch kontroln\u00fdch stanovi\u0161tiach.<br>\u200b<br>21.) V z\u00e1ujme zabezpe\u010denia rovnak\u00fdch podmienok pre absolvovanie pretekov POKE pre v\u0161etk\u00fdch \u00fa\u010dastn\u00edkov&nbsp;<strong>accompanying runners (so-called \"pacers\") are not permitted.<\/strong>&nbsp;The exception to this rule are the pacers for the blind participants (with the permission of the organizer).<\/p>\n\n\n\n<p>22.) V z\u00e1ujme ochrany zdravia \u00fa\u010dastn\u00edkov maj\u00fa pr\u00edtomn\u00ed zdravotn\u00edci v pr\u00edpade zdravotn\u00fdch komplik\u00e1cii, ktor\u00e9 by mohli ohrozi\u0165 bezpe\u010dnos\u0165, zdravie alebo \u017eivot \u00fa\u010dastn\u00edka, pr\u00e1vo rozhodn\u00fa\u0165 o ukon\u010den\u00ed jeho \u00fa\u010dasti na pretekoch (alebo o jej preru\u0161en\u00ed na nevyhnutn\u00fd \u010das). V takomto pr\u00edpade je \u00fa\u010dastn\u00edk povinn\u00fd podriadi\u0165 sa tomuto rozhodnutiu.<\/p>\n\n\n\n<p>23.) V pr\u00edpade pred\u010dasn\u00e9ho ukon\u010denia \u00fa\u010dasti na podujat\u00ed mimo obsaden\u00e9ho kontroln\u00e9ho stanovi\u0161\u0165a je \u00fa\u010dastn\u00edk povinn\u00fd informova\u0165 organiz\u00e1tora podujatia telefonicky alebo prostredn\u00edctvom SMS spr\u00e1vy (v pr\u00edpade nedostupn\u00e9ho sign\u00e1lu na mieste tak \u00fa\u010dastn\u00edk mus\u00ed urobi\u0165 pri prvej mo\u017enej pr\u00edle\u017eitosti). Kontaktn\u00e9 \u010d\u00edslo bude organiz\u00e1tora podujatia bude uveden\u00e9 v kontrolnej karte (itiner\u00e1ri).<\/p>\n\n\n\n<p>24.) \u00da\u010dastn\u00edk je povinn\u00fd poskytn\u00fa\u0165 pomoc in\u00e9mu \u00fa\u010dastn\u00edkovi v n\u00fadzi.<\/p>\n\n\n\n<p>25.) V pr\u00edpade zistenia okolnost\u00ed, ktor\u00e9 by ohrozovali \u017eivot, alebo zdravie \u00fa\u010dastn\u00edkov na trase podujatia, je \u00fa\u010dastn\u00edk t\u00fato skuto\u010dnos\u0165 povinn\u00fd bezodkladne ozn\u00e1mi\u0165 organiz\u00e1torom podujatia.<\/p>\n\n\n\n<p>26.) Organiz\u00e1tori podujatia si vyhradzuj\u00fa pr\u00e1vo zmeny trasy, \u010dasov\u00fdch limitov kontroln\u00fdch stanov\u00ed\u0161\u0165 a programu podujatia alebo \u00fapln\u00e9ho zru\u0161enia podujatia (predov\u0161etk\u00fdm z d\u00f4vodu bezpe\u010dnosti \u00fa\u010dastn\u00edkov).<\/p>\n\n\n\n<p>Aid stations, route compliance control, penalty, disqualification, protest<\/p>\n\n\n\n<p>27.) Na trase podujatia bud\u00fa umiestnen\u00e9 kontroln\u00e9 stanovi\u0161tia (\u201c\u017eiv\u00e9 kontroly\u201d obsaden\u00e9 organiz\u00e1tormi podujatia resp. nimi poveren\u00fdmi dobrovo\u013en\u00edkmi) na miestach, o ktor\u00fdch s\u00fa \u00fa\u010dastn\u00edci informovan\u00ed prostredn\u00edctvom tejto webovej str\u00e1nky a prostredn\u00edctvom kontrolnej karty.<\/p>\n\n\n\n<p>28.) Na ka\u017edom kontrolnom stanovi\u0161ti bude zaznamenan\u00fd \u010das pr\u00edchodu ka\u017ed\u00e9ho \u00fa\u010dastn\u00edka. Ku stanovi\u0161\u0165u kontroly preto \u00fa\u010dastn\u00edk pristupuje ihne\u010f pri pr\u00edchode na kontroln\u00e9 stanovi\u0161te, t.j. nie pri odchode z neho alebo a\u017e po ob\u010derstven\u00ed. Organiz\u00e1tori alebo nimi poveren\u00ed dobrovo\u013en\u00edci maj\u00fa pr\u00e1vo tu z\u00e1rove\u0148 skontrolova\u0165 aj povinn\u00fa v\u00fdbavu \u00fa\u010dastn\u00edka.<\/p>\n\n\n\n<p>29.) \u00da\u010dastn\u00edk, ktor\u00fd prejde v\u0161etk\u00fdmi kontroln\u00fdmi stanovi\u0161\u0165ami a doraz\u00ed do cie\u013ea v ur\u010denom celkovom \u010dasovom limite, obdr\u017e\u00ed v cieli diplom ako potvrdenie o \u00faspe\u0161nom absolvovan\u00ed POKE.<\/p>\n\n\n\n<p>30.) Pri ch\u00fdbaj\u00facom z\u00e1pise z kontroln\u00e9ho stanovi\u0161\u0165a (stanov\u00ed\u0161\u0165) &nbsp;rozhoduj\u00fa o penaliz\u00e1cii\/diskvalifik\u00e1cii organiz\u00e1tori podujatia.<\/p>\n\n\n\n<p>31.) \u00damyseln\u00e9 poru\u0161ovanie trasy (tzv. skratkovanie), pou\u017eitie dopravn\u00e9ho prostriedku a ak\u00e9ko\u013evek in\u00e9 sp\u00f4soby podv\u00e1dzania maj\u00fa za n\u00e1sledok diskvalifik\u00e1ciu (DSQ) a z\u00e1rove\u0148 aj di\u0161tanc zo v\u0161etk\u00fdch \u010fal\u0161\u00edch pretekov organizovan\u00fdch OZ Cassovia Trail Runners.<\/p>\n\n\n\n<p>32.) Vyu\u017eitie sprievodn\u00e9ho be\u017eca alebo be\u017ecov (tzv. \u201epaceri\u201c) nie je dovolen\u00e9 a m\u00e1 za n\u00e1sledok diskvalifik\u00e1ciu \u00fa\u010dastn\u00edka. V\u00fdnimku z tohto pravidla tvoria tzv. vodi\u010di pre \u00fa\u010dastn\u00edkov so zrakov\u00fdm postihnut\u00edm (so s\u00fahlasom organiz\u00e1tora).<\/p>\n\n\n\n<p>33.) Odmietnutie pomoci in\u00e9mu \u00fa\u010dastn\u00edkovi podujatia v pr\u00edpade n\u00fadze, fyzick\u00e1 \u010di slovn\u00e1 inzult\u00e1cia alebo ohrozovanie organiz\u00e1torov a dobrovo\u013en\u00edkov, odmietnutie kontroly povinnej v\u00fdbavy m\u00e1 za n\u00e1sledok diskvalifik\u00e1ciu \u00fa\u010dastn\u00edka (DSQ).<\/p>\n\n\n\n<p>34.) Ch\u00fdbaj\u00faca polo\u017eka povinnej v\u00fdbavy m\u00f4\u017ee ma\u0165 za n\u00e1sledok diskvalifik\u00e1ciu \u00fa\u010dastn\u00edka (DSQ).<\/p>\n\n\n\n<p>35.) \u00da\u010dastn\u00edci nesm\u00fa odhadzova\u0165 odpadky mimo organiz\u00e1tormi obsaden\u00e9 kontroln\u00e9 stanovi\u0161tia alebo verejn\u00e9 odpadov\u00e9 n\u00e1doby \u010di kontajnery. Vedom\u00e9 odhadzovanie odpadkov mimo organiz\u00e1tormi obsaden\u00e9 kontroln\u00e9 stanovi\u0161tia alebo verejn\u00e9 odpadov\u00e9 n\u00e1doby \u010di kontajnery je penalizovan\u00e9 pridan\u00edm 1 hodiny k celkov\u00e9mu \u010dasu.<\/p>\n\n\n\n<p>36.) Penaliz\u00e1cia alebo diskvalifik\u00e1cia bude uplatnen\u00e1 v mieste, kde bolo zisten\u00e9 poru\u0161enie pravidiel \u00fa\u010dastn\u00edkom, resp. na \u010fal\u0161om kontrolnom stanovi\u0161ti, ak \u00fa\u010dastn\u00edk, ktor\u00fd pravidl\u00e1 poru\u0161il, stanovi\u0161te opustil pred uplatnen\u00edm penaliz\u00e1cie alebo diskvalifik\u00e1cie. Penaliz\u00e1ciu alebo diskvalifik\u00e1ciu vykon\u00e1 organiz\u00e1tor podujatia alebo n\u00edm poveren\u00fd dobrovo\u013en\u00edk na kontrolnom stanovi\u0161ti po telefonickej konzult\u00e1cii s organiz\u00e1tormi podujatia.<\/p>\n\n\n\n<p>37.) Protest proti mo\u017en\u00fdm probl\u00e9mom v organiz\u00e1cii alebo priebehu podujatia je mo\u017en\u00e9 poda\u0165 v cieli najnesk\u00f4r do 1 hodiny po skon\u010den\u00ed celkov\u00e9ho \u010dasov\u00e9ho limitu podujatia (t.j. do 30. m\u00e1ja 2026 17:00). Protest pod\u00e1va \u00fa\u010dastn\u00edk osobne u organiz\u00e1tora podujatia. Podmienkou podania protestu je uhradenie kaucie 20 \u20ac. V pr\u00edpade uznania protestu organiz\u00e1torom podujatia bude kaucia 20 EUR vr\u00e1ten\u00e1 \u00fa\u010dastn\u00edkovi, v pr\u00edpade neuznania protestu kaucia prepad\u00e1 v prospech organiz\u00e1tora podujatia.<\/p>\n\n\n\n<p>38.) Vy\u0161\u0161ia moc:<br>Organiz\u00e1tor si vyhradzuje v z\u00e1vislosti od okolnost\u00ed pr\u00e1vo upravi\u0165 a bli\u017e\u0161ie \u0161pecifikova\u0165 niektor\u00e9 \u00fadaje uveden\u00e9 v t\u00fdchto propoz\u00edci\u00e1ch, resp. organiza\u010dn\u00fdch pokynoch. Organiz\u00e1tor si rovnako vyhradzuje pr\u00e1vo zru\u0161i\u0165, prelo\u017ei\u0165 alebo preru\u0161i\u0165 konanie podujatia alebo niektorej z discipl\u00edn podujatia v pr\u00edpade nepredv\u00eddate\u013en\u00fdch rozhodnut\u00ed org\u00e1nov \u0161t\u00e1tu, alebo v\u00e1\u017eneho nebezpe\u010denstva, a to najm\u00e4 nepriazniv\u00e9ho po\u010dasia, alebo in\u00e9ho d\u00f4vodu ohrozuj\u00faceho bezpe\u010dnos\u0165 \u00fa\u010dastn\u00edkov podujatia, resp. z in\u00fdch vopred nepredv\u00eddate\u013en\u00fdch vis maior udalost\u00ed a okolnost\u00ed.<\/p>\n\n\n\n<p>V takomto pr\u00edpade nem\u00e1 \u00fa\u010dastn\u00edk n\u00e1rok na vr\u00e1tenie \u0161tartovn\u00e9ho poplatku, resp. jeho \u010dasti nako\u013eko, organiz\u00e1torovi u\u017e vznikli n\u00e1klady na pr\u00edpravu podujatia v \u010dase pred samotn\u00fdm momentom preru\u0161enia\/zru\u0161enia podujatia. Organiz\u00e1tor v\u0161ak m\u00f4\u017ee po zv\u00e1\u017een\u00ed v\u0161etk\u00fdch okolnost\u00ed a vy\u010d\u00edslen\u00ed n\u00e1kladov spojen\u00fdch s pr\u00edpravou podujatia kompenzova\u0165 \u00fa\u010dastn\u00edkovi \u010das\u0165 \u0161tartovn\u00e9ho.<\/p>\n\n\n\n<p><strong>Environmental protection<\/strong><\/p>\n\n\n\n<p>39.) \u00da\u010dastn\u00edci nesm\u00fa odhadzova\u0165 odpadky mimo organiz\u00e1tormi obsaden\u00e9 kontroln\u00e9 stanovi\u0161tia alebo verejn\u00e9 odpadov\u00e9 n\u00e1doby \u010di kontajnery.<\/p>\n\n\n\n<p>\u200b<br><strong>If the situation and current measures require it, the PROTOCOL FOR THE PREVENTION OF COVID-19 will be part of the Rules, the wording of which will be developed on the basis of the current pandemic situation and current measures published in the valid decree of the \u00daVZ SR.<\/strong><\/p>","protected":false},"excerpt":{"rendered":"<p>1.) Podujatia POKE sa m\u00f4\u017ee z\u00fa\u010dastni\u0165 iba osoba s minim\u00e1lnym vekom 18 rokov (t.j. osoba, ktor\u00e1 najnesk\u00f4r de\u0148 pred \u0161tartom dov\u0155\u0161ila vek 18 rokov). 2.) Podujatia POKE sa m\u00f4\u017ee z\u00fa\u010dastni\u0165 iba osoba predom prihl\u00e1sen\u00e1 prostredn\u00edctvom prihlasovacieho formul\u00e1ra, ktor\u00e1 uhradila \u00fa\u010dastn\u00edcky pr\u00edspevok na z\u00e1klade pokynov od organiz\u00e1tora podujatia doru\u010den\u00fdch do kontaktnej mailovej schr\u00e1nky (e-mail uveden\u00fd v [&hellip;]<\/p>\n","protected":false},"author":1,"featured_media":10626,"parent":0,"menu_order":0,"comment_status":"closed","ping_status":"closed","template":"","meta":{"footnotes":""},"class_list":["post-10638","page","type-page","status-publish","has-post-thumbnail","hentry"],"_links":{"self":[{"href":"https:\/\/www.cassoviatrailrunners.sk\/en\/wp-json\/wp\/v2\/pages\/10638","targetHints":{"allow":["GET"]}}],"collection":[{"href":"https:\/\/www.cassoviatrailrunners.sk\/en\/wp-json\/wp\/v2\/pages"}],"about":[{"href":"https:\/\/www.cassoviatrailrunners.sk\/en\/wp-json\/wp\/v2\/types\/page"}],"author":[{"embeddable":true,"href":"https:\/\/www.cassoviatrailrunners.sk\/en\/wp-json\/wp\/v2\/users\/1"}],"replies":[{"embeddable":true,"href":"https:\/\/www.cassoviatrailrunners.sk\/en\/wp-json\/wp\/v2\/comments?post=10638"}],"version-history":[{"count":2,"href":"https:\/\/www.cassoviatrailrunners.sk\/en\/wp-json\/wp\/v2\/pages\/10638\/revisions"}],"predecessor-version":[{"id":10668,"href":"https:\/\/www.cassoviatrailrunners.sk\/en\/wp-json\/wp\/v2\/pages\/10638\/revisions\/10668"}],"wp:featuredmedia":[{"embeddable":true,"href":"https:\/\/www.cassoviatrailrunners.sk\/en\/wp-json\/wp\/v2\/media\/10626"}],"wp:attachment":[{"href":"https:\/\/www.cassoviatrailrunners.sk\/en\/wp-json\/wp\/v2\/media?parent=10638"}],"curies":[{"name":"wp","href":"https:\/\/api.w.org\/{rel}","templated":true}]}}