{"id":10628,"date":"2026-04-01T20:39:46","date_gmt":"2026-04-01T19:39:46","guid":{"rendered":"https:\/\/www.cassoviatrailrunners.sk\/?page_id=10628"},"modified":"2026-04-13T12:08:01","modified_gmt":"2026-04-13T11:08:01","slug":"poke","status":"publish","type":"page","link":"https:\/\/www.cassoviatrailrunners.sk\/en\/preteky\/poke\/","title":{"rendered":"POKE &#8211; Od ko\u0148a ku vra\u0148e"},"content":{"rendered":"<p class=\"has-accent-4-background-color has-background\" id=\"block-41752452-152e-4a67-8bb2-93ba69513b18\"><strong>POKE<\/strong> je nov\u00fd trailov\u00fd beh so \u0161tartom v Pre\u0161ove a&nbsp;cie\u013eom v Ko\u0161iciach. Trasa je dlh\u00e1 38 km, \u00fa\u010dastn\u00edci po\u010das nej nast\u00fapaj\u00fa&nbsp;1100 v\u00fd\u0161kov\u00fdch metrov. Podujatie sa kon\u00e1 pod z\u00e1\u0161titou miest Pre\u0161ov a Ko\u0161ice a pod z\u00e1\u0161titou pre\u0161ovsk\u00e9ho a ko\u0161ick\u00e9ho samospr\u00e1vneho kraja.<\/p>\n\n\n\n<figure class=\"wp-block-image aligncenter size-medium\"><img loading=\"lazy\" decoding=\"async\" width=\"300\" height=\"200\" src=\"https:\/\/www.cassoviatrailrunners.sk\/wp-content\/uploads\/2026\/04\/Unknown-3-edited-300x200.jpg\" alt=\"\" class=\"wp-image-10631\" srcset=\"https:\/\/www.cassoviatrailrunners.sk\/wp-content\/uploads\/2026\/04\/Unknown-3-edited-300x200.jpg 300w, https:\/\/www.cassoviatrailrunners.sk\/wp-content\/uploads\/2026\/04\/Unknown-3-edited-1024x683.jpg 1024w, https:\/\/www.cassoviatrailrunners.sk\/wp-content\/uploads\/2026\/04\/Unknown-3-edited-768x512.jpg 768w, https:\/\/www.cassoviatrailrunners.sk\/wp-content\/uploads\/2026\/04\/Unknown-3-edited-18x12.jpg 18w, https:\/\/www.cassoviatrailrunners.sk\/wp-content\/uploads\/2026\/04\/Unknown-3-edited.jpg 1159w\" sizes=\"auto, (max-width: 300px) 100vw, 300px\" \/><\/figure>\n\n\n\n<p><\/p>\n\n\n\n<h3 class=\"wp-block-heading\" id=\"block-b6e1fcc0-fc5e-421b-9520-d1d7066fc8ff\">Date<\/h3>\n\n\n\n<p id=\"block-a5282ceb-a29f-4267-be8e-59f41804b668\"><strong>30. m\u00e1j 2026<\/strong>&nbsp;(Saturday)<\/p>\n\n\n\n<p><strong><a href=\"https:\/\/www.vysledkovyservis.sk\/poke-prihlaska\">Registr\u00e1cia otvoren\u00e1<\/a><\/strong><\/p>\n\n\n\n\n\n<h3 class=\"wp-block-heading\" id=\"block-580af879-f762-46d2-8711-7c799e65aa33\">Route<\/h3>\n\n\n\n<p id=\"block-0a449574-1555-4171-a46b-0a1d8b3c5371\"><strong>Paremetres:<\/strong> 38km \/ +1100m \/ 7 hod\u00edn limit<\/p>\n\n\n\n<p><a href=\"https:\/\/mapy.com\/s\/musohapota\" data-type=\"link\" data-id=\"https:\/\/mapy.com\/s\/musohapota\">Mapa POKE tu.<\/a><\/p>\n\n\n\n<p id=\"block-8d4a9e12-e555-4ddf-94c7-ec239bc693ad\"><strong><a href=\"https:\/\/www.dropbox.com\/scl\/fi\/iv4xzo3cm35rnqplg9ukb\/POKE_2026.gpx?rlkey=o8tikxkelz3m55qafo590q2z8&amp;st=2g0pbh1r&amp;dl=1\" data-type=\"link\" data-id=\"https:\/\/www.dropbox.com\/scl\/fi\/iv4xzo3cm35rnqplg9ukb\/POKE_2026.gpx?rlkey=o8tikxkelz3m55qafo590q2z8&amp;st=2g0pbh1r&amp;dl=1\">GPX, nech sa p\u00e1\u010di.<\/a><\/strong><\/p>\n\n\n\n<figure class=\"wp-block-image size-full\" id=\"block-3bcd91a3-800b-456c-895b-0e8bc0c82a00\"><img loading=\"lazy\" decoding=\"async\" width=\"945\" height=\"411\" src=\"https:\/\/www.cassoviatrailrunners.sk\/wp-content\/uploads\/2026\/04\/Unknown.jpg\" alt=\"\" class=\"wp-image-10629\" srcset=\"https:\/\/www.cassoviatrailrunners.sk\/wp-content\/uploads\/2026\/04\/Unknown.jpg 945w, https:\/\/www.cassoviatrailrunners.sk\/wp-content\/uploads\/2026\/04\/Unknown-300x130.jpg 300w, https:\/\/www.cassoviatrailrunners.sk\/wp-content\/uploads\/2026\/04\/Unknown-768x334.jpg 768w, https:\/\/www.cassoviatrailrunners.sk\/wp-content\/uploads\/2026\/04\/Unknown-18x8.jpg 18w\" sizes=\"auto, (max-width: 945px) 100vw, 945px\" \/><\/figure>\n\n\n\n<h3 class=\"wp-block-heading\" id=\"block-fca2fab1-5e95-4632-840c-6ecc44dd75ea\">Start fee<\/h3>\n\n\n\n<p id=\"block-d2165c81-c535-47d3-9ad7-c57a2f053b50\"><strong>35 EUR<\/strong>&nbsp;\u2013 \u00fa\u010dastn\u00edk\/\u00fa\u010dastn\u00ed\u010dka<\/p>\n\n\n\n<p><\/p>\n\n\n\n<p><strong>\u0160tafety<\/strong><\/p>\n\n\n\n<p><strong>70 EUR<\/strong> &#8211; 2 \u010dlenn\u00e1 \u0161tafeta<\/p>\n\n\n\n<p><strong>105 EUR<\/strong>  &#8211; 3 \u010dlenn\u00e1 \u0161tafeta<\/p>\n\n\n\n<p><strong>140 EUR<\/strong> \u2013 4 \u010dlenn\u00e1 \u0161tafeta<\/p>\n\n\n\n<p id=\"block-92d39369-d977-438d-bacb-75957f0def3f\">Limit po\u010dtu \u00fa\u010dastn\u00edkov: 300<\/p>\n\n\n\n<h3 class=\"wp-block-heading\" id=\"block-ec4be67d-1436-4915-b13b-420c61022e87\">Categories<\/h3>\n\n\n\n<ul id=\"block-6c3f8ee3-a8ea-49be-b585-bc968c71da6b\" class=\"wp-block-list\">\n<li>Mu\u017ei&nbsp;<\/li>\n\n\n\n<li>\u017deny&nbsp;<\/li>\n\n\n\n<li>\u0160tafeta (2,3 alebo 4-\u010dlenn\u00e1)<\/li>\n<\/ul>\n\n\n\n<h3 class=\"wp-block-heading\" id=\"block-9480baf0-be2e-4ad6-9c0e-0a4142ccf3cf\">Presentation<\/h3>\n\n\n\n<p id=\"block-b2d10b49-7fce-4649-ad69-d40c89203809\">Prezent\u00e1cia \u00fa\u010dastn\u00edkov sa uskuto\u010dn\u00ed v piatok 29. m\u00e1ja 2026 v&nbsp;\u010dase 16:00 \u2013 19:00&nbsp; hod. a&nbsp;v&nbsp;sobotu 30. m\u00e1ja 2026 v \u010dase 07:00 \u2013 8:30 hod (Nesk\u00f4r u\u017e prezent\u00e1cia nebude mo\u017en\u00e1).<\/p>\n\n\n\n<h3 class=\"wp-block-heading\">Start<\/h3>\n\n\n\n<p>Spolo\u010dn\u00fd \u0161tart \u00fa\u010dastn\u00edkov podujatia POKE bude&nbsp;30. m\u00e1ja 2026 o&nbsp;09:00 hod. z&nbsp;parkoviska pod Kalv\u00e1riou v&nbsp;Pre\u0161ove<\/p>\n\n\n\n<h3 class=\"wp-block-heading\">Finish<\/h3>\n\n\n\n<p>Cie\u013e sa nach\u00e1dza v&nbsp;Detskom are\u00e1li v&nbsp;parku Ani\u010dka v Ko\u0161iciach<\/p>\n\n\n\n<p>\u010casov\u00fd limit pre pr\u00edchod do cie\u013ea je 7 hod\u00edn (30. m\u00e1ja 2026 do 16.00 hod.)<\/p>\n\n\n\n<h3 class=\"wp-block-heading\">Ob\u010derstvovacie stanice (miesta v\u00fdmeny \u010dlenov \u0161tafety)<\/h3>\n\n\n\n<ul class=\"wp-block-list\">\n<li>KS1: Haniska pri Pre\u0161ove, Bork\u00fat, parkovisko pod Fur\u010dou&nbsp; \u2013 7,5 km<\/li>\n\n\n\n<li>KS2: Obi\u0161ovce \u2013 parkovisko pri kostole Ru\u017eencovej Panny M\u00e1rie \u2013 21 km<\/li>\n\n\n\n<li>KS3: Asfaltka (kri\u017eovatka \u010dervenej cyklomagistr\u00e1ly a Cesty medzi Dru\u017estevnou Pri Horn\u00e1de a&nbsp;Budim\u00edrom) \u2013 29,3 km<\/li>\n<\/ul>\n\n\n\n<h3 class=\"wp-block-heading\">Conditions of participation<\/h3>\n\n\n\n<p><a href=\"https:\/\/www.cassoviatrailrunners.sk\/en\/poke-podmienky-ucasti\/\" data-type=\"page\" data-id=\"10638\">Full version of conditions of participation.<\/a><\/p>\n\n\n\n<ul class=\"wp-block-list\">\n<li>\u200bminim\u00e1lny vek 18 rokov.<\/li>\n\n\n\n<li>Registration via registration form<\/li>\n\n\n\n<li>payment of the start fee according to the organizer's request sent to the participant via e-mail<\/li>\n\n\n\n<li>osobn\u00e1 \u00fa\u010das\u0165 na prezent\u00e1cii (pre \u0161tafety sta\u010d\u00ed jeden \u010dlen \u0161tafety) v ur\u010denom \u010dase<\/li>\n<\/ul>\n\n\n\n<h3 class=\"wp-block-heading\">Mandatory equipment<\/h3>\n\n\n\n<ul class=\"wp-block-list\">\n<li>nabit\u00fd a zapnut\u00fd mobiln\u00fd telef\u00f3n so SIM kartou, ktorej telef\u00f3nne \u010d\u00edslo \u00fa\u010dastn\u00edk uviedol v prihlasovacom formul\u00e1ri<\/li>\n\n\n\n<li>gps tracker (\u00fa\u010dastn\u00edk obdr\u017e\u00ed pri prezent\u00e1cii)<\/li>\n\n\n\n<li>f\u013ea\u0161e resp. vodn\u00fd vak s obsahom minim\u00e1lne 0,5 L (1liter pre s\u00f3lo be\u017ecov)<\/li>\n\n\n\n<li>vlastn\u00fd poh\u00e1r, hrn\u010dek alebo f\u013ea\u0161a so \u0161irok\u00fdm hrdlom (bidon) s objemom minim\u00e1lne 1,5 dl (f\u013ea\u0161e s \u00fazkym hrdlom alebo vie\u010dkom nebud\u00fa akceptovan\u00e9)<\/li>\n\n\n\n<li>ID card<\/li>\n\n\n\n<li>starting number placed&nbsp;<strong>visibly on the front part of the body during the entire duration of the race<\/strong>&nbsp;(\u00fa\u010dastn\u00edk obdr\u017e\u00ed pri prezent\u00e1cii)<\/li>\n<\/ul>\n\n\n\n<p><\/p>","protected":false},"excerpt":{"rendered":"<p>POKE je nov\u00fd trailov\u00fd beh so \u0161tartom v Pre\u0161ove a&nbsp;cie\u013eom v Ko\u0161iciach. Trasa je dlh\u00e1 38 km, \u00fa\u010dastn\u00edci po\u010das nej nast\u00fapaj\u00fa&nbsp;1100 v\u00fd\u0161kov\u00fdch metrov. Podujatie sa kon\u00e1 pod z\u00e1\u0161titou miest Pre\u0161ov a Ko\u0161ice a pod z\u00e1\u0161titou pre\u0161ovsk\u00e9ho a ko\u0161ick\u00e9ho samospr\u00e1vneho kraja. Term\u00edn 30. m\u00e1j 2026&nbsp;(sobota) Registr\u00e1cia otvoren\u00e1 Trasa Parametre: 38km \/ +1100m \/ 7 hod\u00edn limit [&hellip;]<\/p>\n","protected":false},"author":1,"featured_media":10626,"parent":10256,"menu_order":0,"comment_status":"closed","ping_status":"closed","template":"","meta":{"footnotes":""},"class_list":["post-10628","page","type-page","status-publish","has-post-thumbnail","hentry"],"_links":{"self":[{"href":"https:\/\/www.cassoviatrailrunners.sk\/en\/wp-json\/wp\/v2\/pages\/10628","targetHints":{"allow":["GET"]}}],"collection":[{"href":"https:\/\/www.cassoviatrailrunners.sk\/en\/wp-json\/wp\/v2\/pages"}],"about":[{"href":"https:\/\/www.cassoviatrailrunners.sk\/en\/wp-json\/wp\/v2\/types\/page"}],"author":[{"embeddable":true,"href":"https:\/\/www.cassoviatrailrunners.sk\/en\/wp-json\/wp\/v2\/users\/1"}],"replies":[{"embeddable":true,"href":"https:\/\/www.cassoviatrailrunners.sk\/en\/wp-json\/wp\/v2\/comments?post=10628"}],"version-history":[{"count":12,"href":"https:\/\/www.cassoviatrailrunners.sk\/en\/wp-json\/wp\/v2\/pages\/10628\/revisions"}],"predecessor-version":[{"id":10666,"href":"https:\/\/www.cassoviatrailrunners.sk\/en\/wp-json\/wp\/v2\/pages\/10628\/revisions\/10666"}],"up":[{"embeddable":true,"href":"https:\/\/www.cassoviatrailrunners.sk\/en\/wp-json\/wp\/v2\/pages\/10256"}],"wp:featuredmedia":[{"embeddable":true,"href":"https:\/\/www.cassoviatrailrunners.sk\/en\/wp-json\/wp\/v2\/media\/10626"}],"wp:attachment":[{"href":"https:\/\/www.cassoviatrailrunners.sk\/en\/wp-json\/wp\/v2\/media?parent=10628"}],"curies":[{"name":"wp","href":"https:\/\/api.w.org\/{rel}","templated":true}]}}