{"id":10261,"date":"2023-11-26T10:39:15","date_gmt":"2023-11-26T09:39:15","guid":{"rendered":"http:\/\/cassoviatrailrunners.sk\/?page_id=10261"},"modified":"2026-04-21T09:09:01","modified_gmt":"2026-04-21T08:09:01","slug":"ultra-kras-55","status":"publish","type":"page","link":"https:\/\/www.cassoviatrailrunners.sk\/en\/preteky\/ultra-kras-55\/","title":{"rendered":"Ultra Kras"},"content":{"rendered":"<p class=\"has-accent-4-background-color has-background\">Ultra Kras 55 is a mountain ultramarathon. The 57 km long route with 2,400 meters of climbing starts and ends in Tur\u0148a nad Bodvou and leads through the Slovak Karst National Park.<\/p>\n\n\n\n<h3 class=\"wp-block-heading\">Date<\/h3>\n\n\n\n<p><strong>April 25, 2026<\/strong>&nbsp;(Saturday)<\/p>\n\n\n\n<div class=\"wp-block-buttons is-layout-flex wp-block-buttons-is-layout-flex\">\n<div class=\"wp-block-button is-style-fill\"><a class=\"wp-block-button__link wp-element-button\" href=\"https:\/\/www.terminovka.sk\/podujatie\/ultra-kras-55\">Registr\u00e1cia (ukon\u010den\u00e1)<\/a><\/div>\n<\/div>\n\n\n\n<h3 class=\"wp-block-heading\">Route<\/h3>\n\n\n\n<p><strong>Paremetres:<\/strong> 57km \/ +2400m \/ 12 hours limit<\/p>\n\n\n\n<figure class=\"wp-block-image size-large is-resized\"><img loading=\"lazy\" decoding=\"async\" width=\"1024\" height=\"440\" src=\"https:\/\/www.cassoviatrailrunners.sk\/wp-content\/uploads\/2024\/01\/3-points-1024x440.png\" alt=\"\" class=\"wp-image-10386\" style=\"width:207px;height:auto\" srcset=\"https:\/\/www.cassoviatrailrunners.sk\/wp-content\/uploads\/2024\/01\/3-points-1024x440.png 1024w, https:\/\/www.cassoviatrailrunners.sk\/wp-content\/uploads\/2024\/01\/3-points-300x129.png 300w, https:\/\/www.cassoviatrailrunners.sk\/wp-content\/uploads\/2024\/01\/3-points-768x330.png 768w, https:\/\/www.cassoviatrailrunners.sk\/wp-content\/uploads\/2024\/01\/3-points-1536x659.png 1536w, https:\/\/www.cassoviatrailrunners.sk\/wp-content\/uploads\/2024\/01\/3-points-18x8.png 18w, https:\/\/www.cassoviatrailrunners.sk\/wp-content\/uploads\/2024\/01\/3-points.png 1824w\" sizes=\"auto, (max-width: 1024px) 100vw, 1024px\" \/><\/figure>\n\n\n\n<ul class=\"wp-block-list\">\n<li>ITRA&nbsp;Points:&nbsp;3<\/li>\n\n\n\n<li>Mountain points:&nbsp;4<\/li>\n<\/ul>\n\n\n\n<p class=\"has-accent-3-background-color has-background\"><strong>Course change!<\/strong> The part of the original course from KS3 Ha\u010dava which followed green hiking trail to Kr\u00ed\u017ena Po\u013eana saddle is obstructed and impassable. Instead, you should follow the yellow hiking trail from Ha\u010dava straight to Ha\u010davsk\u00e9 sedlo. You're welcome!<\/p>\n\n\n\n<p><em>The GPX file and the route profile have already been updated to reflect this change (as of April 21, 2026).<\/em><\/p>\n\n\n\n<p><a href=\"https:\/\/www.dropbox.com\/scl\/fi\/clx823aldaw9a5yhu21c2\/UltraKras2026Final.gpx?rlkey=1n4bt1behwstiznyuqj533jpp&amp;st=53b2mov8&amp;dl=1\"><strong>GPX na stiahnutie tu<\/strong><\/a><\/p>\n\n\n\n<figure class=\"wp-block-image size-full\"><img loading=\"lazy\" decoding=\"async\" width=\"2258\" height=\"942\" src=\"https:\/\/www.cassoviatrailrunners.sk\/wp-content\/uploads\/2026\/04\/Screenshot-2026-04-21-at-10.08.15.png\" alt=\"\" class=\"wp-image-10673\" srcset=\"https:\/\/www.cassoviatrailrunners.sk\/wp-content\/uploads\/2026\/04\/Screenshot-2026-04-21-at-10.08.15.png 2258w, https:\/\/www.cassoviatrailrunners.sk\/wp-content\/uploads\/2026\/04\/Screenshot-2026-04-21-at-10.08.15-300x125.png 300w, https:\/\/www.cassoviatrailrunners.sk\/wp-content\/uploads\/2026\/04\/Screenshot-2026-04-21-at-10.08.15-1024x427.png 1024w, https:\/\/www.cassoviatrailrunners.sk\/wp-content\/uploads\/2026\/04\/Screenshot-2026-04-21-at-10.08.15-768x320.png 768w, https:\/\/www.cassoviatrailrunners.sk\/wp-content\/uploads\/2026\/04\/Screenshot-2026-04-21-at-10.08.15-1536x641.png 1536w, https:\/\/www.cassoviatrailrunners.sk\/wp-content\/uploads\/2026\/04\/Screenshot-2026-04-21-at-10.08.15-2048x854.png 2048w, https:\/\/www.cassoviatrailrunners.sk\/wp-content\/uploads\/2026\/04\/Screenshot-2026-04-21-at-10.08.15-18x8.png 18w\" sizes=\"auto, (max-width: 2258px) 100vw, 2258px\" \/><\/figure>\n\n\n\n<div style=\"height:29px\" aria-hidden=\"true\" class=\"wp-block-spacer\"><\/div>\n\n\n\n<div class=\"wp-block-group has-global-padding is-layout-constrained wp-block-group-is-layout-constrained\">\n<h3 class=\"wp-block-heading\">Start fee<\/h3>\n\n\n\n<p><strong>65 EUR<\/strong> per participant<\/p>\n\n\n\n<p>Limit of runners: 250<\/p>\n<\/div>\n\n\n\n<div class=\"wp-block-group has-global-padding is-layout-constrained wp-block-group-is-layout-constrained\">\n<h3 class=\"wp-block-heading\">Categories<\/h3>\n\n\n\n<ul class=\"wp-block-list\">\n<li>Men (part of the Slovak Ultratrail League)<\/li>\n\n\n\n<li>Women (part of the Slovak Ultratrail League)<\/li>\n<\/ul>\n<\/div>\n\n\n\n<div class=\"wp-block-group has-global-padding is-layout-constrained wp-block-group-is-layout-constrained\">\n<h3 class=\"wp-block-heading\">Presentation<\/h3>\n\n\n\n<p>The presentation of the participants takes place at the start and finish place on Friday, April 24, 2026, from 6:00 p.m. to 10:00 p.m. and on Saturday, April 25, 2026, from 5:00 a.m. to 6:30 a.m. (the presentation will not be possible after 6:30 a.m.) .<\/p>\n<\/div>\n\n\n\n<div class=\"wp-block-group has-global-padding is-layout-constrained wp-block-group-is-layout-constrained\">\n<h3 class=\"wp-block-heading\">Start<\/h3>\n\n\n\n<p>The joint start of the Ultra Kras event participants is on April 25, 2026 at 7:00 a.m. from the parking lot next to the Hviezda cinema in Tur\u0148a nad Bodvou.<\/p>\n\n\n\n<p><\/p>\n<\/div>\n\n\n\n<div class=\"wp-block-group has-global-padding is-layout-constrained wp-block-group-is-layout-constrained\">\n<h3 class=\"wp-block-heading\">Finish<\/h3>\n\n\n\n<p>The finish is located in the parking lot next to the Hviezda cinema in Tur\u0148a nad Bodvou.<\/p>\n\n\n\n<p>The time limit for finish is April 25, 2026, by 7:00 p.m.<\/p>\n\n\n\n<h4 class=\"wp-block-heading\">Time limits for completing the route<\/h4>\n\n\n\n<ul class=\"wp-block-list\">\n<li>12 hours from the start (until April 25 2026 till 7PM)<\/li>\n\n\n\n<li>7,5 hours on checkpoint 3 Ha\u010dava - 30.km (April 25 2026 till 2:30 PM)<\/li>\n<\/ul>\n<\/div>\n\n\n\n<div class=\"wp-block-group has-global-padding is-layout-constrained wp-block-group-is-layout-constrained\">\n<h3 class=\"wp-block-heading\">Aid stations<\/h3>\n\n\n\n<ul class=\"wp-block-list is-style-default\">\n<li>KS1: H\u00e1j (Hostinec Presso pod Skalou) \u2013 8,1 km<\/li>\n\n\n\n<li>KS2: Drienoveck\u00e9 k\u00fapele \u2013 18,2 km<\/li>\n\n\n\n<li>K3: Ha\u010dava (shelter next to municipal office) \u2013 30 km (<strong>time limit till 14:30<\/strong>)<\/li>\n\n\n\n<li>KS4: Z\u00e1dielsk\u00e1 chata \u2013 45,5 km<\/li>\n<\/ul>\n<\/div>\n\n\n\n<div class=\"wp-block-group has-global-padding is-layout-constrained wp-block-group-is-layout-constrained\">\n<h3 class=\"wp-block-heading\">Control points<\/h3>\n\n\n\n<p><strong>Control points with volunteers<\/strong> will be at the place of the above-mentioned aid stations. At these places and at the finish line, the participant's arrival time will be recorded using an electronic timer.<\/p>\n<\/div>\n\n\n\n<div class=\"wp-block-group has-global-padding is-layout-constrained wp-block-group-is-layout-constrained\">\n<h3 class=\"wp-block-heading\">Conditions of participation<\/h3>\n\n\n\n<p><a href=\"https:\/\/www.cassoviatrailrunners.sk\/en\/ultra-kras-55-podmienky-ucasti\/\" data-type=\"page\" data-id=\"10391\">Full version of conditions of participation.<\/a><\/p>\n\n\n\n<ul class=\"wp-block-list\">\n<li>Minimum age of participant is 18 years<\/li>\n\n\n\n<li>Registration via registration form<\/li>\n\n\n\n<li>payment of the start fee according to the organizer's request sent to the participant via e-mail<\/li>\n\n\n\n<li>personal participation in the presentation of the participants in Turna nad Bodvou at the specified time and with complete mandatory equipment&nbsp;&nbsp;<\/li>\n<\/ul>\n<\/div>\n\n\n\n<div class=\"wp-block-group has-global-padding is-layout-constrained wp-block-group-is-layout-constrained\">\n<h3 class=\"wp-block-heading\">Mandatory equipment<\/h3>\n\n\n\n<ul class=\"wp-block-list\">\n<li>1 pc isothermal foil<\/li>\n\n\n\n<li>charged and switched on mobile phone with the SIM card whose phone number was given in the registration form<\/li>\n\n\n\n<li>gps tracker (received on presentation)<\/li>\n\n\n\n<li>bottles or water bag with a minimum of 1 L<\/li>\n\n\n\n<li>own cup or bottle with a wide mouth (bidon) with a volume of at least 1.5 dl (bottles with a narrow mouth or lid are not accepted)<\/li>\n\n\n\n<li>ID card<\/li>\n\n\n\n<li>starting number placed <strong>visibly on the front part of the body during the entire duration of the race<\/strong> (\u0161tartovn\u00e9 \u010d\u00edsla poskytne organiz\u00e1tor podujatia Ultra Kras po\u010das prezent\u00e1cie \u00fa\u010dastn\u00edkov)<\/li>\n<\/ul>\n<\/div>\n\n\n\n<div class=\"wp-block-group has-global-padding is-layout-constrained wp-block-group-is-layout-constrained\">\n<h3 class=\"wp-block-heading\">Organizer<\/h3>\n\n\n\n<div class=\"wp-block-group is-vertical is-layout-flex wp-container-core-group-is-layout-a3e89e0f wp-block-group-is-layout-flex\">\n<p>\u200bOZ Cassovia Trail Runners<\/p>\n\n\n\n<p>Ovru\u010dsk\u00e1 9<\/p>\n\n\n\n<p>040 22 Ko\u0161ice<\/p>\n\n\n\n<p>I\u010cO: 54 385 768<\/p>\n<\/div>\n\n\n\n<h4 class=\"wp-block-heading\">Part of the series<\/h4>\n\n\n\n<p>Ultra Kras is a part of Slovak Ultratrail League 2026 (SUT League, Small SUT League, Participants competition)<\/p>\n<\/div>\n\n\n\n<div style=\"height:100px\" aria-hidden=\"true\" class=\"wp-block-spacer\"><\/div>\n\n\n\n<p><\/p>","protected":false},"excerpt":{"rendered":"<p>Ultra Kras je horsk\u00fd ultramarat\u00f3n. 57 km dlh\u00e1 trasa s&nbsp;2400 nast\u00fapan\u00fdmi metrami m\u00e1 \u0161tart aj cie\u013e v Turni nad Bodvou a vedie N\u00e1rodn\u00fdm parkom Slovensk\u00fd kras. Term\u00edn 25. apr\u00edl 2026&nbsp;(sobota) Trasa Parametre: 57km \/ +2400m \/ 12 hod\u00edn limit Zmena trasy! Z KS3 Ha\u010dava sa p\u00f4vodne pokra\u010dovalo po zelenej na sedlo Kr\u00ed\u017ena Po\u013eana a odtia\u013e [&hellip;]<\/p>\n","protected":false},"author":1,"featured_media":10274,"parent":10256,"menu_order":1,"comment_status":"closed","ping_status":"closed","template":"","meta":{"footnotes":""},"class_list":["post-10261","page","type-page","status-publish","has-post-thumbnail","hentry"],"_links":{"self":[{"href":"https:\/\/www.cassoviatrailrunners.sk\/en\/wp-json\/wp\/v2\/pages\/10261","targetHints":{"allow":["GET"]}}],"collection":[{"href":"https:\/\/www.cassoviatrailrunners.sk\/en\/wp-json\/wp\/v2\/pages"}],"about":[{"href":"https:\/\/www.cassoviatrailrunners.sk\/en\/wp-json\/wp\/v2\/types\/page"}],"author":[{"embeddable":true,"href":"https:\/\/www.cassoviatrailrunners.sk\/en\/wp-json\/wp\/v2\/users\/1"}],"replies":[{"embeddable":true,"href":"https:\/\/www.cassoviatrailrunners.sk\/en\/wp-json\/wp\/v2\/comments?post=10261"}],"version-history":[{"count":34,"href":"https:\/\/www.cassoviatrailrunners.sk\/en\/wp-json\/wp\/v2\/pages\/10261\/revisions"}],"predecessor-version":[{"id":10674,"href":"https:\/\/www.cassoviatrailrunners.sk\/en\/wp-json\/wp\/v2\/pages\/10261\/revisions\/10674"}],"up":[{"embeddable":true,"href":"https:\/\/www.cassoviatrailrunners.sk\/en\/wp-json\/wp\/v2\/pages\/10256"}],"wp:featuredmedia":[{"embeddable":true,"href":"https:\/\/www.cassoviatrailrunners.sk\/en\/wp-json\/wp\/v2\/media\/10274"}],"wp:attachment":[{"href":"https:\/\/www.cassoviatrailrunners.sk\/en\/wp-json\/wp\/v2\/media?parent=10261"}],"curies":[{"name":"wp","href":"https:\/\/api.w.org\/{rel}","templated":true}]}}