{"id":10132,"date":"2015-06-23T21:02:53","date_gmt":"2015-06-23T19:02:53","guid":{"rendered":"http:\/\/www.v100.sk\/?page_id=10132"},"modified":"2026-01-05T11:01:09","modified_gmt":"2026-01-05T10:01:09","slug":"oz-slovak-ultra-trail","status":"publish","type":"page","link":"https:\/\/www.cassoviatrailrunners.sk\/en\/oz-slovak-ultra-trail\/","title":{"rendered":"OZ Slovak Ultra Trail"},"content":{"rendered":"<p><strong>Partnerom V\u00fdchodniarskej stovky je ob\u010dianske zdru\u017eenie SLOVAK ULTRA TRAIL:<\/strong><\/p>\n<p>I\u010cO: 42364582<\/p>\n<p>E-mail: svk.ultratrail@gmail.com<\/p>\n<p><strong>S\u00eddlo ob\u010dianskeho zdru\u017eenia:<\/strong><\/p>\n<p>Nejedl\u00e9ho 41, 84102, Bratislava, Slovensk\u00e1 republika<\/p>\n<p><strong>Web:<\/strong><br \/><a href=\"http:\/\/www.slovakultratrail.sk\/\">www.slovakultratrail.sk<\/a><\/p>\n<p class=\"font_8\">Srde\u010dne v\u00e1s poz\u00fdvame aj na \u010fal\u0161ie podujatia organizovan\u00e9 \u010dlenmi o.z. SLOVAK ULTRA TRAIL:<\/p>\n<ul class=\"font_8\">\n<li>\n<p class=\"font_8\"><a href=\"https:\/\/ludova50.com\/\">\u013dudova 50<\/a><\/p>\n<\/li>\n<li><a href=\"https:\/\/www.letecka100.sk\/\">Leteck\u00e1 100<\/a><\/li>\n<li>\n<p class=\"font_8\"><a href=\"https:\/\/reg.als.run\/als-kozi-kamen\/#propozicie-als-kozi-kamen\" target=\"_blank\" rel=\"noreferrer noopener\">ALS Charitat\u00edvny beh &#8211; Memori\u00e1l J\u00e1na Svo\u010d\u00e1ka (Koz\u00ed kame\u0148 45 km)<\/a><\/p>\n<\/li>\n<li><a href=\"https:\/\/vysledkovyservis.sk\/timravine-ostrozky-trail-propozicie\">Timravine Ostr\u00f4\u017eky<\/a><\/li>\n<li>\n<p class=\"font_8\"><a href=\"https:\/\/www.strazovska50.sk\/\" target=\"_blank\" rel=\"noreferrer noopener\">Str\u00e1\u017eovsk\u00e1 50<\/a><\/p>\n<\/li>\n<li><a href=\"https:\/\/zazrifskepobehana.wordpress.com\/\" target=\"_blank\" rel=\"noreferrer noopener\">Z\u00e1zrifsk\u00e9 pobeha\u0148\u00e4<\/a><\/li>\n<li>\n<p class=\"font_8\"><a href=\"https:\/\/masla.strecno.eu\/\" target=\"_blank\" rel=\"noreferrer noopener\">Stre\u010dnianska ma\u0161\u013ea<\/a><\/p>\n<\/li>\n<li>\n<p class=\"font_8\"><a href=\"https:\/\/sites.google.com\/view\/malofatranskastovka\" target=\"_blank\" rel=\"noreferrer noopener\">Malofatransk\u00e1 stovka<\/a><\/p>\n<\/li>\n<li>\n<p class=\"font_8\"><a href=\"https:\/\/stihacka.hiking.sk\/https:\/\/stihacka.hiking.sk\/\" target=\"_blank\" rel=\"noreferrer noopener\">N\u00edzkotatransk\u00e1 st\u00edha\u010dka<\/a><\/p>\n<\/li>\n<li>\n<p class=\"font_8\"><a href=\"http:\/\/ultrafatra.sk\/\" target=\"_blank\" rel=\"noreferrer noopener\">Ultra Fatra<\/a><\/p>\n<\/li>\n<li>\n<p class=\"font_8\"><a href=\"https:\/\/stropkovska20.sk\/rusinsky-ultra-beh\/\" target=\"_blank\" rel=\"noreferrer noopener\">Rus\u00ednska 100 a 66<\/a><\/p>\n<\/li>\n<li><a href=\"https:\/\/www.kokavatrail.sk\/\">Kokava Trail<\/a><\/li>\n<li><a href=\"https:\/\/www.bigbearsultra.sk\/\">Big Bear\u00b4s ultra<\/a><\/li>\n<li>\n<p class=\"font_8\"><a href=\"http:\/\/javornicka100.wbl.sk\/\" target=\"_blank\" rel=\"noreferrer noopener\">Javorn\u00edcka stovka<\/a><\/p>\n<\/li>\n<\/ul>\n<p class=\"font_8\"><span class=\"wixGuard\">\u200b<\/span><\/p>\n\n\n<p><\/p>","protected":false},"excerpt":{"rendered":"<p>Partnerom V\u00fdchodniarskej stovky je ob\u010dianske zdru\u017eenie SLOVAK ULTRA TRAIL: I\u010cO: 42364582 E-mail: svk.ultratrail@gmail.com S\u00eddlo ob\u010dianskeho zdru\u017eenia: Nejedl\u00e9ho 41, 84102, Bratislava, Slovensk\u00e1 republika Web:www.slovakultratrail.sk Srde\u010dne v\u00e1s poz\u00fdvame aj na \u010fal\u0161ie podujatia organizovan\u00e9 \u010dlenmi o.z. SLOVAK ULTRA TRAIL: \u013dudova 50 Leteck\u00e1 100 ALS Charitat\u00edvny beh &#8211; Memori\u00e1l J\u00e1na Svo\u010d\u00e1ka (Koz\u00ed kame\u0148 45 km) Timravine Ostr\u00f4\u017eky Str\u00e1\u017eovsk\u00e1 50 [&hellip;]<\/p>\n","protected":false},"author":1,"featured_media":10265,"parent":0,"menu_order":0,"comment_status":"open","ping_status":"open","template":"","meta":{"footnotes":""},"class_list":["post-10132","page","type-page","status-publish","has-post-thumbnail","hentry"],"_links":{"self":[{"href":"https:\/\/www.cassoviatrailrunners.sk\/en\/wp-json\/wp\/v2\/pages\/10132","targetHints":{"allow":["GET"]}}],"collection":[{"href":"https:\/\/www.cassoviatrailrunners.sk\/en\/wp-json\/wp\/v2\/pages"}],"about":[{"href":"https:\/\/www.cassoviatrailrunners.sk\/en\/wp-json\/wp\/v2\/types\/page"}],"author":[{"embeddable":true,"href":"https:\/\/www.cassoviatrailrunners.sk\/en\/wp-json\/wp\/v2\/users\/1"}],"replies":[{"embeddable":true,"href":"https:\/\/www.cassoviatrailrunners.sk\/en\/wp-json\/wp\/v2\/comments?post=10132"}],"version-history":[{"count":5,"href":"https:\/\/www.cassoviatrailrunners.sk\/en\/wp-json\/wp\/v2\/pages\/10132\/revisions"}],"predecessor-version":[{"id":10606,"href":"https:\/\/www.cassoviatrailrunners.sk\/en\/wp-json\/wp\/v2\/pages\/10132\/revisions\/10606"}],"wp:featuredmedia":[{"embeddable":true,"href":"https:\/\/www.cassoviatrailrunners.sk\/en\/wp-json\/wp\/v2\/media\/10265"}],"wp:attachment":[{"href":"https:\/\/www.cassoviatrailrunners.sk\/en\/wp-json\/wp\/v2\/media?parent=10132"}],"curies":[{"name":"wp","href":"https:\/\/api.w.org\/{rel}","templated":true}]}}