{"id":10117,"date":"2015-06-23T17:30:01","date_gmt":"2015-06-23T15:30:01","guid":{"rendered":"http:\/\/www.v100.sk\/?page_id=10117"},"modified":"2026-01-29T13:14:36","modified_gmt":"2026-01-29T12:14:36","slug":"vysledky","status":"publish","type":"page","link":"https:\/\/www.cassoviatrailrunners.sk\/en\/vysledky\/","title":{"rendered":"Results"},"content":{"rendered":"<h3 class=\"wp-block-heading\">2025<\/h3>\n\n\n\n<ul class=\"wp-block-list\">\n<li><a href=\"https:\/\/stopky.live\/ultrakras\/finish\/ultra-kras-55\/komplet\/\">Ultra Kras 55, 26. apr\u00edl<\/a><\/li>\n\n\n\n<li><a href=\"https:\/\/stopky.live\/vychodniarska\/archiv\/vych-archiv-2025\/\">V\u00fdchodniarska 2025<\/a><\/li>\n<\/ul>\n\n\n\n<h3 class=\"wp-block-heading\">2024<\/h3>\n\n\n\n<ul class=\"wp-block-list\">\n<li><a href=\"https:\/\/hiking.dennikn.sk\/ultra\/live\/104\/ultra_kras2024.html\" data-type=\"link\" data-id=\"https:\/\/hiking.dennikn.sk\/ultra\/live\/104\/ultra_kras2024.html\">Ultra Kras 55, 27. apr\u00edl<\/a><\/li>\n\n\n\n<li><a href=\"https:\/\/stopky.live\/vychodniarska100\/archiv\/v100-2024\/\" data-type=\"link\" data-id=\"https:\/\/stopky.live\/vychodniarska100\/archiv\/v100-2024\/\">V\u00fdchodniarska 100, 10.-11. august<\/a><\/li>\n\n\n\n<li><a href=\"https:\/\/stopky.live\/vychodniarska100\/archiv\/v50-2024\/\" data-type=\"link\" data-id=\"https:\/\/stopky.live\/vychodniarska100\/archiv\/v50-2024\/\">V\u00fdchodniarska 50, 10. august<\/a><\/li>\n<\/ul>\n\n\n\n<h3 class=\"wp-block-heading\">Predo\u0161l\u00e9 ro\u010dn\u00edky &#8211; V\u00fdchodniarska 100 a 50<\/h3>\n\n\n\n<ul class=\"wp-block-list\">\n<li><a href=\"https:\/\/hiking.dennikn.sk\/ultra\/live\/98\/vychodniarska100_2023.html?course=73\">2023<\/a><\/li>\n\n\n\n<li>2020 a 2021 sa podujatie v prezen\u010dnej forme nekonalo<\/li>\n\n\n\n<li><a href=\"https:\/\/ultra.hiking.sk\/hk\/live\/54\/vychodniarska_stovka2019.html\">2019<\/a><\/li>\n\n\n\n<li><a href=\"https:\/\/docs.google.com\/spreadsheets\/d\/1z1D8_-2nptgyFmy4lk2nhvPxnG8w7u4TW7BZqJdeCQk\/edit?usp=sharing\">2018<\/a><\/li>\n\n\n\n<li><a href=\"https:\/\/docs.google.com\/spreadsheets\/d\/13OIjZHPQlAFmish2sJSkaunQ7pnGx0cI7tcZDGAi6Tw\/edit?usp=sharing\">2017<\/a><\/li>\n\n\n\n<li><a href=\"https:\/\/docs.google.com\/spreadsheets\/d\/1pRDmFoRlqzXRx3BOPK-B7TTk5-PBSBnAjIHD_vROtTY\/pubhtml?\">2016<\/a><\/li>\n\n\n\n<li><a href=\"https:\/\/docs.google.com\/spreadsheets\/d\/1RVOUoaZT-lgMpVVSlBxZQeNHijIvaZYqb4D6-fJEvP0\/edit#gid=1316895687\">2015<\/a><\/li>\n<\/ul>\n\n\n\n<p><\/p>","protected":false},"excerpt":{"rendered":"<p>2025 2024 Predo\u0161l\u00e9 ro\u010dn\u00edky &#8211; V\u00fdchodniarska 100 a 50<\/p>","protected":false},"author":1,"featured_media":10265,"parent":0,"menu_order":0,"comment_status":"closed","ping_status":"open","template":"","meta":{"footnotes":""},"class_list":["post-10117","page","type-page","status-publish","has-post-thumbnail","hentry"],"_links":{"self":[{"href":"https:\/\/www.cassoviatrailrunners.sk\/en\/wp-json\/wp\/v2\/pages\/10117","targetHints":{"allow":["GET"]}}],"collection":[{"href":"https:\/\/www.cassoviatrailrunners.sk\/en\/wp-json\/wp\/v2\/pages"}],"about":[{"href":"https:\/\/www.cassoviatrailrunners.sk\/en\/wp-json\/wp\/v2\/types\/page"}],"author":[{"embeddable":true,"href":"https:\/\/www.cassoviatrailrunners.sk\/en\/wp-json\/wp\/v2\/users\/1"}],"replies":[{"embeddable":true,"href":"https:\/\/www.cassoviatrailrunners.sk\/en\/wp-json\/wp\/v2\/comments?post=10117"}],"version-history":[{"count":6,"href":"https:\/\/www.cassoviatrailrunners.sk\/en\/wp-json\/wp\/v2\/pages\/10117\/revisions"}],"predecessor-version":[{"id":10621,"href":"https:\/\/www.cassoviatrailrunners.sk\/en\/wp-json\/wp\/v2\/pages\/10117\/revisions\/10621"}],"wp:featuredmedia":[{"embeddable":true,"href":"https:\/\/www.cassoviatrailrunners.sk\/en\/wp-json\/wp\/v2\/media\/10265"}],"wp:attachment":[{"href":"https:\/\/www.cassoviatrailrunners.sk\/en\/wp-json\/wp\/v2\/media?parent=10117"}],"curies":[{"name":"wp","href":"https:\/\/api.w.org\/{rel}","templated":true}]}}